{"id":83,"date":"2026-01-22T14:58:48","date_gmt":"2026-01-22T14:58:48","guid":{"rendered":"https:\/\/lavenirensemble.fr\/?page_id=83"},"modified":"2026-01-22T15:04:32","modified_gmt":"2026-01-22T15:04:32","slug":"et-vous-comment-voyez-vous-le-tholonet-de-demain","status":"publish","type":"page","link":"https:\/\/lavenirensemble.fr\/index.php\/et-vous-comment-voyez-vous-le-tholonet-de-demain\/","title":{"rendered":"Et vous, comment voyez-vous Le Tholonet de demain ?"},"content":{"rendered":"<div class=\"wpforms-container wpforms-container-full wpforms-block wpforms-block-967dcdf7-06e2-4879-84ab-3236c264de52 wpforms-render-modern\" id=\"wpforms-77\"><form id=\"wpforms-form-77\" class=\"wpforms-validate wpforms-form wpforms-ajax-form\" data-formid=\"77\" method=\"post\" enctype=\"multipart\/form-data\" action=\"\/index.php\/wp-json\/wp\/v2\/pages\/83\" data-token=\"e7c161727102b73660547ab56d8d00e2\" data-token-time=\"1778220250\"><noscript class=\"wpforms-error-noscript\">Veuillez activer JavaScript dans votre navigateur pour remplir ce formulaire.<\/noscript><div id=\"wpforms-error-noscript\" style=\"display: none;\">Veuillez activer JavaScript dans votre navigateur pour remplir ce formulaire.<\/div><div class=\"wpforms-field-container\"><div id=\"wpforms-77-field_1-container\" class=\"wpforms-field wpforms-field-name\" data-field-id=\"1\"><fieldset><legend class=\"wpforms-field-label\">Nom et Pr\u00e9nom <span class=\"wpforms-required-label\" aria-hidden=\"true\">*<\/span><\/legend><div class=\"wpforms-field-row wpforms-field-medium\"><div class=\"wpforms-field-row-block wpforms-first wpforms-one-half\"><input type=\"text\" id=\"wpforms-77-field_1\" class=\"wpforms-field-name-first wpforms-field-required\" name=\"wpforms[fields][1][first]\" aria-errormessage=\"wpforms-77-field_1-error\" required><label for=\"wpforms-77-field_1\" class=\"wpforms-field-sublabel after\">Pr\u00e9nom<\/label><\/div><div class=\"wpforms-field-row-block wpforms-one-half\"><input type=\"text\" id=\"wpforms-77-field_1-last\" class=\"wpforms-field-name-last wpforms-field-required\" name=\"wpforms[fields][1][last]\" aria-errormessage=\"wpforms-77-field_1-last-error\" required><label for=\"wpforms-77-field_1-last\" class=\"wpforms-field-sublabel after\">Nom<\/label><\/div><\/div><\/fieldset><\/div>\t\t<div id=\"wpforms-77-field_4-container\"\n\t\t\tclass=\"wpforms-field wpforms-field-text\"\n\t\t\tdata-field-type=\"text\"\n\t\t\tdata-field-id=\"4\"\n\t\t\t>\n\t\t\t<label class=\"wpforms-field-label\" for=\"wpforms-77-field_4\" >Email et Pr\u00e9nom<\/label>\n\t\t\t<input type=\"text\" id=\"wpforms-77-field_4\" class=\"wpforms-field-medium\" name=\"wpforms[fields][4]\" >\n\t\t<\/div>\n\t\t<div id=\"wpforms-77-field_2-container\" class=\"wpforms-field wpforms-field-email\" data-field-id=\"2\"><label class=\"wpforms-field-label\" for=\"wpforms-77-field_2\">Email <span class=\"wpforms-required-label\" aria-hidden=\"true\">*<\/span><\/label><input type=\"email\" id=\"wpforms-77-field_2\" class=\"wpforms-field-medium wpforms-field-required\" name=\"wpforms[fields][2]\" spellcheck=\"false\" aria-errormessage=\"wpforms-77-field_2-error\" required><\/div><div id=\"wpforms-77-field_3-container\" class=\"wpforms-field wpforms-field-textarea\" data-field-id=\"3\"><label class=\"wpforms-field-label\" for=\"wpforms-77-field_3\">Message<\/label><textarea id=\"wpforms-77-field_3\" class=\"wpforms-field-medium\" name=\"wpforms[fields][3]\" aria-errormessage=\"wpforms-77-field_3-error\" ><\/textarea><\/div><script>\n\t\t\t\t( function() {\n\t\t\t\t\tconst style = document.createElement( 'style' );\n\t\t\t\t\tstyle.appendChild( document.createTextNode( '#wpforms-77-field_4-container { position: absolute !important; overflow: hidden !important; display: inline !important; height: 1px !important; width: 1px !important; z-index: -1000 !important; padding: 0 !important; } #wpforms-77-field_4-container input { visibility: hidden; } #wpforms-conversational-form-page #wpforms-77-field_4-container label { counter-increment: none; }' ) );\n\t\t\t\t\tdocument.head.appendChild( style );\n\t\t\t\t\tdocument.currentScript?.remove();\n\t\t\t\t} )();\n\t\t\t<\/script><\/div><!-- .wpforms-field-container --><div class=\"wpforms-submit-container\" ><input type=\"hidden\" name=\"wpforms[id]\" value=\"77\"><input type=\"hidden\" name=\"page_title\" value=\"\"><input type=\"hidden\" name=\"page_url\" value=\"https:\/\/lavenirensemble.fr\/index.php\/wp-json\/wp\/v2\/pages\/83\"><input type=\"hidden\" name=\"url_referer\" value=\"\"><button type=\"submit\" name=\"wpforms[submit]\" id=\"wpforms-submit-77\" class=\"wpforms-submit\" data-alt-text=\"En cours...\" data-submit-text=\"Envoyer\" aria-live=\"assertive\" value=\"wpforms-submit\">Envoyer<\/button><img loading=\"lazy\" decoding=\"async\" src=\"https:\/\/lavenirensemble.fr\/wp-content\/plugins\/wpforms-lite\/assets\/images\/submit-spin.svg\" class=\"wpforms-submit-spinner\" style=\"display: none;\" width=\"26\" height=\"26\" alt=\"Chargement en cours\"><\/div><\/form><\/div>  <!-- .wpforms-container -->\n\n\n<p>Les informations recueillies via ce formulaire sont trait\u00e9es par la liste de campagne <strong>\u00ab L\u2019Avenir Ensemble \u00bb<\/strong> afin de <strong>r\u00e9pondre \u00e0 votre demande<\/strong>. Elles ne seront en aucun cas utilis\u00e9es dans une liste de diffusion (newsletter, propagande&#8230;).  <br>Conservation des donn\u00e9es : <strong>2 mois<\/strong>. <br>Destinataires : personnes habilit\u00e9es de l\u2019\u00e9quipe de campagne. <br><br>Vous pouvez exercer vos droits (acc\u00e8s, rectification, effacement, opposition) en \u00e9crivant \u00e0 <strong>[contact@lavenirensemble.fr]<\/strong>.  <\/p>\n\n\n\n<p>En savoir plus : <strong><a href=\"https:\/\/lavenirensemble.fr\/index.php\/privacy-policy\/\" data-type=\"page\" data-id=\"3\">Politique de confidentialit\u00e9<\/a><\/strong>.<\/p>\n","protected":false},"excerpt":{"rendered":"<p>Les informations recueillies via ce formulaire sont trait\u00e9es par la liste de campagne \u00ab L\u2019Avenir Ensemble \u00bb afin de r\u00e9pondre \u00e0 votre demande. Elles ne seront en aucun cas utilis\u00e9es dans une liste de diffusion (newsletter, propagande&#8230;). Conservation des donn\u00e9es : 2 mois. Destinataires : personnes habilit\u00e9es de l\u2019\u00e9quipe de campagne. Vous pouvez exercer vos [&hellip;]<\/p>\n","protected":false},"author":1,"featured_media":0,"parent":0,"menu_order":0,"comment_status":"closed","ping_status":"closed","template":"","meta":{"iawp_total_views":18,"footnotes":""},"class_list":["post-83","page","type-page","status-publish","hentry"],"_links":{"self":[{"href":"https:\/\/lavenirensemble.fr\/index.php\/wp-json\/wp\/v2\/pages\/83","targetHints":{"allow":["GET"]}}],"collection":[{"href":"https:\/\/lavenirensemble.fr\/index.php\/wp-json\/wp\/v2\/pages"}],"about":[{"href":"https:\/\/lavenirensemble.fr\/index.php\/wp-json\/wp\/v2\/types\/page"}],"author":[{"embeddable":true,"href":"https:\/\/lavenirensemble.fr\/index.php\/wp-json\/wp\/v2\/users\/1"}],"replies":[{"embeddable":true,"href":"https:\/\/lavenirensemble.fr\/index.php\/wp-json\/wp\/v2\/comments?post=83"}],"version-history":[{"count":2,"href":"https:\/\/lavenirensemble.fr\/index.php\/wp-json\/wp\/v2\/pages\/83\/revisions"}],"predecessor-version":[{"id":87,"href":"https:\/\/lavenirensemble.fr\/index.php\/wp-json\/wp\/v2\/pages\/83\/revisions\/87"}],"wp:attachment":[{"href":"https:\/\/lavenirensemble.fr\/index.php\/wp-json\/wp\/v2\/media?parent=83"}],"curies":[{"name":"wp","href":"https:\/\/api.w.org\/{rel}","templated":true}]}}